{"id":553,"date":"2021-05-24T17:02:26","date_gmt":"2021-05-24T17:02:26","guid":{"rendered":"https:\/\/theuge.org\/?page_id=553"},"modified":"2021-05-24T17:02:52","modified_gmt":"2021-05-24T17:02:52","slug":"assermentation","status":"publish","type":"page","link":"https:\/\/theuge.org\/fr\/services-fr\/assermentation\/","title":{"rendered":"Commissaire \u00e0 l&#8217;Assermentation"},"content":{"rendered":"<div class=\"wp-block-columns is-layout-flex wp-container-core-columns-is-layout-9d6595d7 wp-block-columns-is-layout-flex\">\n<div class=\"wp-block-column is-layout-flow wp-block-column-is-layout-flow\" style=\"flex-basis:25%\"><\/div>\n\n\n\n<div class=\"wp-block-column is-layout-flow wp-block-column-is-layout-flow\" style=\"flex-basis:50%\">\n<p class=\"has-text-align-center\">Le Syndicat d\u2019\u00c9mancipation des Genres des genres compte parmi son personnel un commissaire \u00e0 l&#8217;assermentation qui peut fournir des services de serment inclusifs pour les personnes trans et guider les utilisateur.trice.s de services tout au long du processus de changement de leur nom et de leur marqueur de genre dans la province de Qu\u00e9bec.<\/p>\n\n\n\n<p class=\"has-text-align-center\">C&#8217;est un service hybride. Jusqu&#8217;en septembre, il fonctionnera compl\u00e8tement \u00e0 distance. Par la suite, les utilisateur.trice.s du service auront la possibilit\u00e9 d&#8217;utiliser ce service en personne ou en ligne &#8211; toutes les interactions continuera d&#8217;\u00eatre sans contact. Il est offert gratuitement aux membres de la communaut\u00e9 de McGill et du Grand Montr\u00e9al.<\/p>\n\n\n\n<p class=\"has-text-align-center\">Si vous souhaitez acc\u00e9der \u00e0 ce service, <a href=\"https:\/\/theuge.org\/fr\/contact-fr\/\" data-type=\"page\" data-id=\"420\">veuillez nous contacter<\/a>.<\/p>\n<\/div>\n\n\n\n<div class=\"wp-block-column is-layout-flow wp-block-column-is-layout-flow\" style=\"flex-basis:25%\"><\/div>\n<\/div>\n\n\n\n<p><\/p>","protected":false},"excerpt":{"rendered":"<p>Le Syndicat d\u2019\u00c9mancipation des Genres des genres compte parmi son personnel un commissaire \u00e0 l&#8217;assermentation qui peut fournir des services de serment inclusifs pour les personnes trans et guider les utilisateur.trice.s de services tout au long du processus de changement de leur nom et de leur marqueur de genre dans la province de Qu\u00e9bec. C&#8217;est [&hellip;]<\/p>","protected":false},"author":3,"featured_media":0,"parent":428,"menu_order":0,"comment_status":"closed","ping_status":"closed","template":"","meta":{"footnotes":""},"class_list":["post-553","page","type-page","status-publish","hentry"],"_links":{"self":[{"href":"https:\/\/theuge.org\/fr\/wp-json\/wp\/v2\/pages\/553","targetHints":{"allow":["GET"]}}],"collection":[{"href":"https:\/\/theuge.org\/fr\/wp-json\/wp\/v2\/pages"}],"about":[{"href":"https:\/\/theuge.org\/fr\/wp-json\/wp\/v2\/types\/page"}],"author":[{"embeddable":true,"href":"https:\/\/theuge.org\/fr\/wp-json\/wp\/v2\/users\/3"}],"replies":[{"embeddable":true,"href":"https:\/\/theuge.org\/fr\/wp-json\/wp\/v2\/comments?post=553"}],"version-history":[{"count":1,"href":"https:\/\/theuge.org\/fr\/wp-json\/wp\/v2\/pages\/553\/revisions"}],"predecessor-version":[{"id":554,"href":"https:\/\/theuge.org\/fr\/wp-json\/wp\/v2\/pages\/553\/revisions\/554"}],"up":[{"embeddable":true,"href":"https:\/\/theuge.org\/fr\/wp-json\/wp\/v2\/pages\/428"}],"wp:attachment":[{"href":"https:\/\/theuge.org\/fr\/wp-json\/wp\/v2\/media?parent=553"}],"curies":[{"name":"wp","href":"https:\/\/api.w.org\/{rel}","templated":true}]}}