{"id":480,"date":"2021-02-11T19:48:46","date_gmt":"2021-02-11T19:48:46","guid":{"rendered":"https:\/\/uge.ssmu.ca\/?page_id=480"},"modified":"2021-02-11T19:48:47","modified_gmt":"2021-02-11T19:48:47","slug":"ateliers","status":"publish","type":"page","link":"https:\/\/theuge.org\/fr\/services-fr\/ateliers\/","title":{"rendered":"Ateliers"},"content":{"rendered":"<div class=\"wp-block-columns is-layout-flex wp-container-core-columns-is-layout-9d6595d7 wp-block-columns-is-layout-flex\">\n<div class=\"wp-block-column is-layout-flow wp-block-column-is-layout-flow\" style=\"flex-basis:25%\"><\/div>\n\n\n\n<div class=\"wp-block-column is-layout-flow wp-block-column-is-layout-flow\" style=\"flex-basis:60%\">\n<p class=\"has-text-align-center\">Dans le cadre de notre <a href=\"http:\/\/theuge.org\/fr\/a-propos\/mandat\">mandat<\/a>, nous offrons des ateliers \u00e9ducatifs ax\u00e9s sur la \u201ctrans-allyship\u201d et anti-oppression qui sont offerts gratuitement \u00e0 tous les groupes \u00e9tudiants et organismes sans but lucratif qui partagent des mandats similaires. Nos ateliers sont adapt\u00e9s aux besoins de nos participant.e.s et nous sommes heureux.ses d&#8217;incorporer de nouveaux \u00e9l\u00e9ments dans nos ateliers \u00e0 la demande d&#8217;un groupe pour s&#8217;assurer que c&#8217;est une exp\u00e9rience \u00e9ducative aussi efficace que possible.<\/p>\n\n\n\n<p class=\"has-text-align-center\">Dans les ann\u00e9es pr\u00e9c\u00e9dentes, nous avons organis\u00e9 ces ateliers en personne, mais depuis la pand\u00e9mie COVID-19, nous avons adapt\u00e9 nos ateliers pour qu&#8217;ils soient donn\u00e9s en ligne via des plateformes audio-visuel et nous offrons des documents virtuels aux participant.e.s auxquel.le.s ils.elles peuvent se r\u00e9f\u00e9rer avant, pendant et apr\u00e8s le ateliers. Nous esp\u00e9rons qu&#8217;\u00e0 l&#8217;avenir, nous pourrons continuer \u00e0 offrir des ateliers en ligne dans un effort pour augmenter l&#8217;accessibilit\u00e9 de nos services.<\/p>\n\n\n\n<p class=\"has-text-align-center\">Si vous souhaitez demander un atelier, vous pouvez <a href=\"mailto:ugecollective@gmail.com\">nous envoyer un courriel<\/a> ou envoyez-nous un message sur <a href=\"http:\/\/theuge.org\/fr\/contact-fr\">notre page de contact<\/a>.<\/p>\n<\/div>\n\n\n\n<div class=\"wp-block-column is-layout-flow wp-block-column-is-layout-flow\" style=\"flex-basis:25%\"><\/div>\n<\/div>","protected":false},"excerpt":{"rendered":"<p>Dans le cadre de notre mandat, nous offrons des ateliers \u00e9ducatifs ax\u00e9s sur la \u201ctrans-allyship\u201d et anti-oppression qui sont offerts gratuitement \u00e0 tous les groupes \u00e9tudiants et organismes sans but lucratif qui partagent des mandats similaires. Nos ateliers sont adapt\u00e9s aux besoins de nos participant.e.s et nous sommes heureux.ses d&#8217;incorporer de nouveaux \u00e9l\u00e9ments dans nos [&hellip;]<\/p>","protected":false},"author":3,"featured_media":0,"parent":428,"menu_order":3,"comment_status":"closed","ping_status":"closed","template":"","meta":{"footnotes":""},"class_list":["post-480","page","type-page","status-publish","hentry"],"_links":{"self":[{"href":"https:\/\/theuge.org\/fr\/wp-json\/wp\/v2\/pages\/480","targetHints":{"allow":["GET"]}}],"collection":[{"href":"https:\/\/theuge.org\/fr\/wp-json\/wp\/v2\/pages"}],"about":[{"href":"https:\/\/theuge.org\/fr\/wp-json\/wp\/v2\/types\/page"}],"author":[{"embeddable":true,"href":"https:\/\/theuge.org\/fr\/wp-json\/wp\/v2\/users\/3"}],"replies":[{"embeddable":true,"href":"https:\/\/theuge.org\/fr\/wp-json\/wp\/v2\/comments?post=480"}],"version-history":[{"count":1,"href":"https:\/\/theuge.org\/fr\/wp-json\/wp\/v2\/pages\/480\/revisions"}],"predecessor-version":[{"id":481,"href":"https:\/\/theuge.org\/fr\/wp-json\/wp\/v2\/pages\/480\/revisions\/481"}],"up":[{"embeddable":true,"href":"https:\/\/theuge.org\/fr\/wp-json\/wp\/v2\/pages\/428"}],"wp:attachment":[{"href":"https:\/\/theuge.org\/fr\/wp-json\/wp\/v2\/media?parent=480"}],"curies":[{"name":"wp","href":"https:\/\/api.w.org\/{rel}","templated":true}]}}