{"id":455,"date":"2021-02-11T19:19:21","date_gmt":"2021-02-11T19:19:21","guid":{"rendered":"https:\/\/uge.ssmu.ca\/?page_id=455"},"modified":"2021-02-11T19:19:21","modified_gmt":"2021-02-11T19:19:21","slug":"packers","status":"publish","type":"page","link":"https:\/\/theuge.org\/fr\/services-fr\/co-op\/packers\/","title":{"rendered":"Packers"},"content":{"rendered":"<div class=\"wp-block-columns is-layout-flex wp-container-core-columns-is-layout-9d6595d7 wp-block-columns-is-layout-flex\">\n<div class=\"wp-block-column is-layout-flow wp-block-column-is-layout-flow\" style=\"flex-basis:20%\"><\/div>\n\n\n\n<div class=\"wp-block-column is-layout-flow wp-block-column-is-layout-flow\" style=\"flex-basis:30%\">\n<div class=\"alignnormal\"><div id=\"metaslider-id-337\" style=\"max-width: 750px;\" class=\"ml-slider-3-107-0 metaslider metaslider-flex metaslider-337 ml-slider has-dots-nav ms-theme-default\" role=\"region\" aria-label=\"Packers\" data-height=\"1000\" data-width=\"750\">\n    <div id=\"metaslider_container_337\">\n        <div id=\"metaslider_337\">\n            <ul class='slides'>\n                <li style=\"display: block; width: 100%;\" class=\"slide-339 ms-image\" aria-roledescription=\"slide\" data-date=\"2020-12-17 22:38:08\" data-filename=\"caramel-packer.png\" data-slide-type=\"image\"><img fetchpriority=\"high\" decoding=\"async\" src=\"https:\/\/theuge.org\/wp-content\/uploads\/2020\/12\/caramel-packer.png\" height=\"1000\" width=\"750\" alt=\"\" class=\"slider-337 slide-339 msDefaultImage\" title=\"caramel-packer\" \/><\/li>\n                <li style=\"display: none; width: 100%;\" class=\"slide-340 ms-image\" aria-roledescription=\"slide\" data-date=\"2020-12-17 22:38:08\" data-filename=\"vanilla-packer.png\" data-slide-type=\"image\"><img decoding=\"async\" src=\"https:\/\/theuge.org\/wp-content\/uploads\/2020\/12\/vanilla-packer.png\" height=\"1000\" width=\"750\" alt=\"\" class=\"slider-337 slide-340 msDefaultImage\" title=\"vanilla packer\" \/><\/li>\n            <\/ul>\n        <\/div>\n        \n    <\/div>\n<\/div><\/div>\n<\/div>\n\n\n\n<div class=\"wp-block-column is-layout-flow wp-block-column-is-layout-flow\" style=\"flex-basis:30%\">\n<h3 class=\"wp-block-heading\">ftm essentials packers classiques aka monsieur Limpy<\/h3>\n\n\n\n<p>Vous ne croirez pas \u00e0 quel point ce packer \u201cclassique\u201d se sent r\u00e9aliste. \u00c7a fait une bosse parfaite &#8211; que vous soyez en train de jouer, lors d\u2019une vir\u00e9e en ville ou simplement assis autour de la maison. Il est fabriqu\u00e9 d&#8217;un mat\u00e9riel doux semblable \u00e0 une peau similaire au CyberSkin et est tr\u00e8s moelleux. Les gens adorent ce Packer pour son prix abordable, sa facilit\u00e9 d&#8217;utilisation et sa sensation r\u00e9aliste.<\/p>\n\n\n\n<p>Consultez <a href=\"https:\/\/www.ftmessentials.com\/collections\/packers\/products\/classic-packy\">la page produit<\/a> FTM Essentials!<\/p>\n\n\n\n<h4 class=\"wp-block-heading\">dons sugg\u00e9r\u00e9 <a href=\"http:\/\/theuge.org\/fr\/services-fr\/co-op\/pcqvp\">pcqvp<\/a>: 10$<\/h4>\n<\/div>\n\n\n\n<div class=\"wp-block-column is-layout-flow wp-block-column-is-layout-flow\" style=\"flex-basis:20%\"><\/div>\n<\/div>\n\n\n\n<p class=\"has-text-align-center\"><a class=\"btn header-btn header-btn-2\" style=\"text-decoration:none\" href=\"https:\/\/forms.gle\/ZWctNjTSVtL2siYH6\"><span class=\"btn__text\">COMMANDEZ<\/span><\/a><\/p>","protected":false},"excerpt":{"rendered":"<p>ftm essentials packers classiques aka monsieur Limpy Vous ne croirez pas \u00e0 quel point ce packer \u201cclassique\u201d se sent r\u00e9aliste. \u00c7a fait une bosse parfaite &#8211; que vous soyez en train de jouer, lors d\u2019une vir\u00e9e en ville ou simplement assis autour de la maison. Il est fabriqu\u00e9 d&#8217;un mat\u00e9riel doux semblable \u00e0 une peau [&hellip;]<\/p>","protected":false},"author":3,"featured_media":0,"parent":437,"menu_order":0,"comment_status":"closed","ping_status":"closed","template":"","meta":{"footnotes":""},"class_list":["post-455","page","type-page","status-publish","hentry"],"_links":{"self":[{"href":"https:\/\/theuge.org\/fr\/wp-json\/wp\/v2\/pages\/455","targetHints":{"allow":["GET"]}}],"collection":[{"href":"https:\/\/theuge.org\/fr\/wp-json\/wp\/v2\/pages"}],"about":[{"href":"https:\/\/theuge.org\/fr\/wp-json\/wp\/v2\/types\/page"}],"author":[{"embeddable":true,"href":"https:\/\/theuge.org\/fr\/wp-json\/wp\/v2\/users\/3"}],"replies":[{"embeddable":true,"href":"https:\/\/theuge.org\/fr\/wp-json\/wp\/v2\/comments?post=455"}],"version-history":[{"count":1,"href":"https:\/\/theuge.org\/fr\/wp-json\/wp\/v2\/pages\/455\/revisions"}],"predecessor-version":[{"id":456,"href":"https:\/\/theuge.org\/fr\/wp-json\/wp\/v2\/pages\/455\/revisions\/456"}],"up":[{"embeddable":true,"href":"https:\/\/theuge.org\/fr\/wp-json\/wp\/v2\/pages\/437"}],"wp:attachment":[{"href":"https:\/\/theuge.org\/fr\/wp-json\/wp\/v2\/media?parent=455"}],"curies":[{"name":"wp","href":"https:\/\/api.w.org\/{rel}","templated":true}]}}