{"id":398,"date":"2021-02-11T17:16:30","date_gmt":"2021-02-11T17:16:30","guid":{"rendered":"https:\/\/uge.ssmu.ca\/the-union-for-gender-empowerment-francais\/"},"modified":"2021-02-11T17:52:53","modified_gmt":"2021-02-11T17:52:53","slug":"accueil","status":"publish","type":"page","link":"https:\/\/theuge.org\/fr\/accueil\/","title":{"rendered":"Le Syndicat d&#8217;\u00c9mancipation des Genres"},"content":{"rendered":"<h3 class=\"has-text-align-center wp-block-heading\">trans-positif, anti-raciste, f\u00e9ministe<\/h3>\n\n\n\n<div class=\"wp-block-columns is-layout-flex wp-container-core-columns-is-layout-9d6595d7 wp-block-columns-is-layout-flex\">\n<div class=\"wp-block-column is-layout-flow wp-block-column-is-layout-flow\" style=\"flex-basis:15%\"><\/div>\n\n\n\n<div class=\"wp-block-column is-layout-flow wp-block-column-is-layout-flow\" style=\"flex-basis:70%\">\n<p class=\"has-text-align-center\">Le Syndicat d\u2019\u00c9mancipation des Genres est un service de r\u00e9f\u00e9rence de <a rel=\"noreferrer noopener\" href=\"https:\/\/ssmu.ca\/?lang=fr\" target=\"_blank\">l\u2019Association \u00c9tudiante de l&#8217;Universit\u00e9 McGill (A\u00c9UM)<\/a>. Cependant, nous ouvrons nos portes \u00e0 tous les membres de la communaut\u00e9 et ne limitons pas nos services aux \u00e9tudiant.e.s de McGill.<\/p>\n\n\n\n<p class=\"has-text-align-center\">Nous fournissons les services \u00e0 tout le monde qui identifie avec nos principes anti-oppressifs, feminists, et trans-positifs, outre que leur identit\u00e9 genre. Le Syndicat d&#8217;\u00c9mancipation des Genres fournit des ressources, l&#8217;\u00e9ducation, et un centre de plaidoyer.<\/p>\n\n\n\n<p class=\"has-text-align-center\"><\/p>\n<\/div>\n\n\n\n<div class=\"wp-block-column is-layout-flow wp-block-column-is-layout-flow\" style=\"flex-basis:15%\"><\/div>\n<\/div>\n\n\n\n<p><\/p>","protected":false},"excerpt":{"rendered":"<p>trans-positif, anti-raciste, f\u00e9ministe Le Syndicat d\u2019\u00c9mancipation des Genres est un service de r\u00e9f\u00e9rence de l\u2019Association \u00c9tudiante de l&#8217;Universit\u00e9 McGill (A\u00c9UM). Cependant, nous ouvrons nos portes \u00e0 tous les membres de la communaut\u00e9 et ne limitons pas nos services aux \u00e9tudiant.e.s de McGill. Nous fournissons les services \u00e0 tout le monde qui identifie avec nos principes [&hellip;]<\/p>","protected":false},"author":3,"featured_media":0,"parent":0,"menu_order":0,"comment_status":"closed","ping_status":"closed","template":"","meta":{"footnotes":""},"class_list":["post-398","page","type-page","status-publish","hentry"],"_links":{"self":[{"href":"https:\/\/theuge.org\/fr\/wp-json\/wp\/v2\/pages\/398","targetHints":{"allow":["GET"]}}],"collection":[{"href":"https:\/\/theuge.org\/fr\/wp-json\/wp\/v2\/pages"}],"about":[{"href":"https:\/\/theuge.org\/fr\/wp-json\/wp\/v2\/types\/page"}],"author":[{"embeddable":true,"href":"https:\/\/theuge.org\/fr\/wp-json\/wp\/v2\/users\/3"}],"replies":[{"embeddable":true,"href":"https:\/\/theuge.org\/fr\/wp-json\/wp\/v2\/comments?post=398"}],"version-history":[{"count":1,"href":"https:\/\/theuge.org\/fr\/wp-json\/wp\/v2\/pages\/398\/revisions"}],"predecessor-version":[{"id":403,"href":"https:\/\/theuge.org\/fr\/wp-json\/wp\/v2\/pages\/398\/revisions\/403"}],"wp:attachment":[{"href":"https:\/\/theuge.org\/fr\/wp-json\/wp\/v2\/media?parent=398"}],"curies":[{"name":"wp","href":"https:\/\/api.w.org\/{rel}","templated":true}]}}