{"id":18,"date":"2020-12-01T18:11:06","date_gmt":"2020-12-01T18:11:06","guid":{"rendered":"http:\/\/uge.ssmu.ca\/?page_id=18"},"modified":"2021-02-20T18:27:59","modified_gmt":"2021-02-20T18:27:59","slug":"about","status":"publish","type":"page","link":"https:\/\/theuge.org\/fr\/about\/","title":{"rendered":"\u00c0 propos"},"content":{"rendered":"<div class=\"wp-block-columns is-layout-flex wp-container-core-columns-is-layout-9d6595d7 wp-block-columns-is-layout-flex\">\n<div class=\"wp-block-column is-layout-flow wp-block-column-is-layout-flow\" style=\"flex-basis:25%\"><\/div>\n\n\n\n<div class=\"wp-block-column is-layout-flow wp-block-column-is-layout-flow\" style=\"flex-basis:70%\">\n<p class=\"has-text-align-center translation-block\">Le Syndicat d'\u00c9mancipation des Genres (SEG) est un service anti-raciste et inclusif aux personnes trans de <a href=\"https:\/\/ssmu.ca\/https:\/\/ssmu.ca\/?lang=fr\" target=\"_self\">l\u2019Association \u00c9tudiante de l'Universit\u00e9 McGill (A\u00c9UM)<\/a>. Tout.e.s sont les bienvenus pour utiliser nos services!<\/p>\n\n\n\n<p class=\"has-text-align-center\">Nous sommes capables d\u2019offrir nos services et d\u2019ouvrir notre espace gr\u00e2ce aux efforts de nos b\u00e9n\u00e9voles qui tiennent des heures de bureau chaque semaine. Les b\u00e9n\u00e9voles peuvent aussi rejoindre notre Collectif, ce qui est l\u2019organe d\u00e9cisionnel de SEG et fonctionne bas\u00e9 sur un consensus horizontal.<\/p>\n<\/div>\n\n\n\n<div class=\"wp-block-column is-layout-flow wp-block-column-is-layout-flow\" style=\"flex-basis:25%\"><\/div>\n<\/div>\n\n\n\n<p class=\"has-text-align-center\"><span class=\"btn__text\" style=\"text-decoration: none;\"><a class=\"btn header-btn header-btn-2\" style=\"text-decoration:none\" href=\"https:\/\/uge.ssmu.ca\/wp-content\/uploads\/2021\/02\/UGE-Constitution-Updated-2020.pdf\">CONSTITUTION<\/a><\/span> <\/p>\n\n\n\n<p class=\"has-text-align-center\"><a class=\"btn header-btn header-btn-2\" style=\"text-decoration:none\" href=\"https:\/\/uge.ssmu.ca\/mandate\"><span class=\"btn__text\">MANDAT<\/span><\/a><\/p>\n\n\n\n<p class=\"has-text-align-center\"><a class=\"btn header-btn header-btn-2\" style=\"text-decoration:none\" href=\"https:\/\/docs.google.com\/spreadsheets\/d\/1UZ6l4Bskec5nA5MsB7VdUojDBh8AtWanO9rBrdIvcBs\/edit?usp=sharing\"><span class=\"btn__text\">BUDGET<\/span><\/a><\/p>","protected":false},"excerpt":{"rendered":"<p>The Union for Gender Empowerment is a trans-positive and anti-racist, feminist service of the&nbsp;Students&#8217; Society of McGill University (SSMU). Everyone is welcome to use our services! We are able to offer our services and open our space to all thanks to the work of our volunteer staffers who hold office hours every week. Staffers can [&hellip;]<\/p>","protected":false},"author":3,"featured_media":0,"parent":0,"menu_order":0,"comment_status":"closed","ping_status":"closed","template":"","meta":{"footnotes":""},"class_list":["post-18","page","type-page","status-publish","hentry"],"_links":{"self":[{"href":"https:\/\/theuge.org\/fr\/wp-json\/wp\/v2\/pages\/18","targetHints":{"allow":["GET"]}}],"collection":[{"href":"https:\/\/theuge.org\/fr\/wp-json\/wp\/v2\/pages"}],"about":[{"href":"https:\/\/theuge.org\/fr\/wp-json\/wp\/v2\/types\/page"}],"author":[{"embeddable":true,"href":"https:\/\/theuge.org\/fr\/wp-json\/wp\/v2\/users\/3"}],"replies":[{"embeddable":true,"href":"https:\/\/theuge.org\/fr\/wp-json\/wp\/v2\/comments?post=18"}],"version-history":[{"count":13,"href":"https:\/\/theuge.org\/fr\/wp-json\/wp\/v2\/pages\/18\/revisions"}],"predecessor-version":[{"id":539,"href":"https:\/\/theuge.org\/fr\/wp-json\/wp\/v2\/pages\/18\/revisions\/539"}],"wp:attachment":[{"href":"https:\/\/theuge.org\/fr\/wp-json\/wp\/v2\/media?parent=18"}],"curies":[{"name":"wp","href":"https:\/\/api.w.org\/{rel}","templated":true}]}}