{"id":476,"date":"2021-02-11T19:46:23","date_gmt":"2021-02-11T19:46:23","guid":{"rendered":"https:\/\/uge.ssmu.ca\/?page_id=476"},"modified":"2022-10-13T17:47:03","modified_gmt":"2022-10-13T17:47:03","slug":"bibliotheque","status":"publish","type":"page","link":"http:\/\/theuge.org\/fr\/services-fr\/bibliotheque\/","title":{"rendered":"Biblioth\u00e8que"},"content":{"rendered":"<div class=\"wp-block-columns is-layout-flex wp-container-core-columns-is-layout-9d6595d7 wp-block-columns-is-layout-flex\">\n<div class=\"wp-block-column is-layout-flow wp-block-column-is-layout-flow\" style=\"flex-basis:25%\"><\/div>\n\n\n\n<div class=\"wp-block-column is-layout-flow wp-block-column-is-layout-flow\" style=\"flex-basis:60%\">\n<p class=\"has-text-align-center\">Notre biblioth\u00e8que alternative compte plus de 1\u2019000 titres, principalement en anglais, et en collaboration avec <a href=\"http:\/\/www.queermcgill.org\">Queer McGill<\/a> est la plus grande biblioth\u00e8que anglophone queer au Qu\u00e9bec. Notre biblioth\u00e8que comprend de la fiction et non-fiction, de la po\u00e9sie, des romans graphiques, zines, et les archives de journaux, tout ce qui aligne avec notre <a href=\"http:\/\/theuge.org\/fr\/a-propos\/mandat\/\">mandat<\/a>.<\/p>\n\n\n\n<p class=\"has-text-align-center\"><a class=\"btn header-btn header-btn-2\" style=\"text-decoration:none\" href=\"https:\/\/ugecollective.libib.com\/\"><span class=\"btn__text\">FEUILLETEZ<\/span><\/a><\/p>\n<\/div>\n\n\n\n<div class=\"wp-block-column is-layout-flow wp-block-column-is-layout-flow\" style=\"flex-basis:25%\"><\/div>\n<\/div>","protected":false},"excerpt":{"rendered":"<p>Notre biblioth\u00e8que alternative compte plus de 1\u2019000 titres, principalement en anglais, et en collaboration avec Queer McGill est la plus grande biblioth\u00e8que anglophone queer au Qu\u00e9bec. Notre biblioth\u00e8que comprend de la fiction et non-fiction, de la po\u00e9sie, des romans graphiques, zines, et les archives de journaux, tout ce qui aligne avec notre mandat. FEUILLETEZ<\/p>","protected":false},"author":3,"featured_media":0,"parent":428,"menu_order":2,"comment_status":"closed","ping_status":"closed","template":"","meta":{"footnotes":""},"class_list":["post-476","page","type-page","status-publish","hentry"],"_links":{"self":[{"href":"http:\/\/theuge.org\/fr\/wp-json\/wp\/v2\/pages\/476","targetHints":{"allow":["GET"]}}],"collection":[{"href":"http:\/\/theuge.org\/fr\/wp-json\/wp\/v2\/pages"}],"about":[{"href":"http:\/\/theuge.org\/fr\/wp-json\/wp\/v2\/types\/page"}],"author":[{"embeddable":true,"href":"http:\/\/theuge.org\/fr\/wp-json\/wp\/v2\/users\/3"}],"replies":[{"embeddable":true,"href":"http:\/\/theuge.org\/fr\/wp-json\/wp\/v2\/comments?post=476"}],"version-history":[{"count":2,"href":"http:\/\/theuge.org\/fr\/wp-json\/wp\/v2\/pages\/476\/revisions"}],"predecessor-version":[{"id":590,"href":"http:\/\/theuge.org\/fr\/wp-json\/wp\/v2\/pages\/476\/revisions\/590"}],"up":[{"embeddable":true,"href":"http:\/\/theuge.org\/fr\/wp-json\/wp\/v2\/pages\/428"}],"wp:attachment":[{"href":"http:\/\/theuge.org\/fr\/wp-json\/wp\/v2\/media?parent=476"}],"curies":[{"name":"wp","href":"https:\/\/api.w.org\/{rel}","templated":true}]}}