{"id":466,"date":"2021-02-11T19:43:16","date_gmt":"2021-02-11T19:43:16","guid":{"rendered":"https:\/\/uge.ssmu.ca\/?page_id=466"},"modified":"2022-10-13T17:54:05","modified_gmt":"2022-10-13T17:54:05","slug":"espace-securitaire","status":"publish","type":"page","link":"http:\/\/theuge.org\/fr\/services-fr\/espace-securitaire\/","title":{"rendered":"Espace +S\u00e9curitaire"},"content":{"rendered":"<div class=\"wp-block-columns is-layout-flex wp-container-core-columns-is-layout-9d6595d7 wp-block-columns-is-layout-flex\">\n<div class=\"wp-block-column is-layout-flow wp-block-column-is-layout-flow\" style=\"flex-basis:25%\"><\/div>\n\n\n\n<div class=\"wp-block-column is-layout-flow wp-block-column-is-layout-flow\" style=\"flex-basis:60%\">\n<p class=\"has-text-align-center\">Le bureau de SEG est situ\u00e9 dans le Centre Universitaire et sert comme espace confortable qui est \u00e9quip\u00e9 d&#8217;un micro-ondes, vaisselles, ustensiles, une bouilloire, des collations, et plein de th\u00e9. Notre bureau est un espace +s\u00e9curitaire ouvert \u00e0 tou.te.s et offrant un acc\u00e8s \u00e0 notre <a href=\"http:\/\/theuge.org\/fr\/services-fr\/co-op\">coop\u00e9rative<\/a> et \u00e0 notre <a href=\"http:\/\/theuge.org\/fr\/services-fr\/bibliotheque\">biblioth\u00e8que<\/a>. Notre bureau est situ\u00e9 au Centre Universitaire r\u00e9cemment r\u00e9nov\u00e9 dans le local 413 et est accessible par fauteuils roulants.<\/p>\n\n\n\n<p class=\"has-text-align-center\">Nos heures de bureau sont mises \u00e0 jour chaque semaine en fonction de la disponibilit\u00e9 de nos b\u00e9n\u00e9voles et sont affich\u00e9es ici, sur notre page <a href=\"http:\/\/www.facebook.com\/UGEMcGill\">Facebook<\/a> et notre page <a href=\"http:\/\/www.instagram\/ugecollective\">Instagram<\/a>.<\/p>\n\n\n\n<div style=\"height:20px\" aria-hidden=\"true\" class=\"wp-block-spacer\"><\/div>\n\n\n\n<p><\/p>\n<\/div>\n\n\n\n<div class=\"wp-block-column is-layout-flow wp-block-column-is-layout-flow\" style=\"flex-basis:25%\"><\/div>\n<\/div>","protected":false},"excerpt":{"rendered":"<p>Le bureau de SEG est situ\u00e9 dans le Centre Universitaire et sert comme espace confortable qui est \u00e9quip\u00e9 d&#8217;un micro-ondes, vaisselles, ustensiles, une bouilloire, des collations, et plein de th\u00e9. Notre bureau est un espace +s\u00e9curitaire ouvert \u00e0 tou.te.s et offrant un acc\u00e8s \u00e0 notre coop\u00e9rative et \u00e0 notre biblioth\u00e8que. Notre bureau est situ\u00e9 au [&hellip;]<\/p>","protected":false},"author":3,"featured_media":0,"parent":428,"menu_order":1,"comment_status":"closed","ping_status":"closed","template":"","meta":{"footnotes":""},"class_list":["post-466","page","type-page","status-publish","hentry"],"_links":{"self":[{"href":"http:\/\/theuge.org\/fr\/wp-json\/wp\/v2\/pages\/466","targetHints":{"allow":["GET"]}}],"collection":[{"href":"http:\/\/theuge.org\/fr\/wp-json\/wp\/v2\/pages"}],"about":[{"href":"http:\/\/theuge.org\/fr\/wp-json\/wp\/v2\/types\/page"}],"author":[{"embeddable":true,"href":"http:\/\/theuge.org\/fr\/wp-json\/wp\/v2\/users\/3"}],"replies":[{"embeddable":true,"href":"http:\/\/theuge.org\/fr\/wp-json\/wp\/v2\/comments?post=466"}],"version-history":[{"count":8,"href":"http:\/\/theuge.org\/fr\/wp-json\/wp\/v2\/pages\/466\/revisions"}],"predecessor-version":[{"id":599,"href":"http:\/\/theuge.org\/fr\/wp-json\/wp\/v2\/pages\/466\/revisions\/599"}],"up":[{"embeddable":true,"href":"http:\/\/theuge.org\/fr\/wp-json\/wp\/v2\/pages\/428"}],"wp:attachment":[{"href":"http:\/\/theuge.org\/fr\/wp-json\/wp\/v2\/media?parent=466"}],"curies":[{"name":"wp","href":"https:\/\/api.w.org\/{rel}","templated":true}]}}