{"id":463,"date":"2021-02-11T19:37:12","date_gmt":"2021-02-11T19:37:12","guid":{"rendered":"https:\/\/uge.ssmu.ca\/?page_id=463"},"modified":"2021-02-11T19:37:37","modified_gmt":"2021-02-11T19:37:37","slug":"pcqvp","status":"publish","type":"page","link":"http:\/\/theuge.org\/fr\/services-fr\/co-op\/pcqvp\/","title":{"rendered":"C&#8217;est quoi payez ce que vous pouvez ?"},"content":{"rendered":"<div class=\"wp-block-columns is-layout-flex wp-container-core-columns-is-layout-9d6595d7 wp-block-columns-is-layout-flex\">\n<div class=\"wp-block-column is-layout-flow wp-block-column-is-layout-flow\" style=\"flex-basis:25%\"><\/div>\n\n\n\n<div class=\"wp-block-column is-layout-flow wp-block-column-is-layout-flow\" style=\"flex-basis:60%\">\n<p class=\"has-text-align-center\">Payez ce que vous pouvez veut dire que vous pouvez payer ce que vous voulez et que vous pouvez vous permettre, sans questions. Il n&#8217;y a aucun besoin de fournir du documentation pour votre statut financi\u00e8re. En tante qu&#8217;organisme sans but lucratif, ce que est plus importante \u00e0 nous est que notre co-op est accessible et disponible pour tout le monde.<\/p>\n\n\n\n<p class=\"has-text-align-center\">Although we provide suggested PWYC donations on our product pages, there is no expectation that any donation we receive falls within this range. If you cannot pay the suggested donation, we make no expectation that you do. Our suggested donations are there for guidance and nothing more.<\/p>\n\n\n\n<p class=\"has-text-align-center\">Bien que nous fournissons les dons PCQVP sugg\u00e9r\u00e9s sur nos pages produits, il n&#8217;y a aucun expectation que chaque dons qu&#8217;on re\u00e7oit est la m\u00eame valeur. Si vous ne pouvez pas payer le dons sugg\u00e9r\u00e9, nous avons aucun expectation que vous avez besoin de le payer. Nos dons sugg\u00e9r\u00e9s sont l\u00e0 pour le conseil et rien de plus.<\/p>\n\n\n\n<p class=\"has-text-align-center\">Si vous avez des questions au sujet de PCQVP qui n&#8217;ont pas des r\u00e9ponses ici, vous pouvez <a href=\"http:\/\/theuge.org\/fr\/contact-fr\">nous contacter<\/a> et on serait heureux.se de vous aider!<\/p>\n\n\n\n<p class=\"has-text-align-center\"><\/p>\n<\/div>\n\n\n\n<div class=\"wp-block-column is-layout-flow wp-block-column-is-layout-flow\" style=\"flex-basis:25%\"><\/div>\n<\/div>","protected":false},"excerpt":{"rendered":"<p>Payez ce que vous pouvez veut dire que vous pouvez payer ce que vous voulez et que vous pouvez vous permettre, sans questions. Il n&#8217;y a aucun besoin de fournir du documentation pour votre statut financi\u00e8re. En tante qu&#8217;organisme sans but lucratif, ce que est plus importante \u00e0 nous est que notre co-op est accessible [&hellip;]<\/p>","protected":false},"author":3,"featured_media":0,"parent":437,"menu_order":0,"comment_status":"closed","ping_status":"closed","template":"","meta":{"footnotes":""},"class_list":["post-463","page","type-page","status-publish","hentry"],"_links":{"self":[{"href":"http:\/\/theuge.org\/fr\/wp-json\/wp\/v2\/pages\/463","targetHints":{"allow":["GET"]}}],"collection":[{"href":"http:\/\/theuge.org\/fr\/wp-json\/wp\/v2\/pages"}],"about":[{"href":"http:\/\/theuge.org\/fr\/wp-json\/wp\/v2\/types\/page"}],"author":[{"embeddable":true,"href":"http:\/\/theuge.org\/fr\/wp-json\/wp\/v2\/users\/3"}],"replies":[{"embeddable":true,"href":"http:\/\/theuge.org\/fr\/wp-json\/wp\/v2\/comments?post=463"}],"version-history":[{"count":1,"href":"http:\/\/theuge.org\/fr\/wp-json\/wp\/v2\/pages\/463\/revisions"}],"predecessor-version":[{"id":465,"href":"http:\/\/theuge.org\/fr\/wp-json\/wp\/v2\/pages\/463\/revisions\/465"}],"up":[{"embeddable":true,"href":"http:\/\/theuge.org\/fr\/wp-json\/wp\/v2\/pages\/437"}],"wp:attachment":[{"href":"http:\/\/theuge.org\/fr\/wp-json\/wp\/v2\/media?parent=463"}],"curies":[{"name":"wp","href":"https:\/\/api.w.org\/{rel}","templated":true}]}}