{"id":461,"date":"2021-02-11T19:25:30","date_gmt":"2021-02-11T19:25:30","guid":{"rendered":"https:\/\/uge.ssmu.ca\/?page_id=461"},"modified":"2021-02-11T19:25:31","modified_gmt":"2021-02-11T19:25:31","slug":"coupe-menstruelle","status":"publish","type":"page","link":"http:\/\/theuge.org\/fr\/services-fr\/co-op\/coupe-menstruelle\/","title":{"rendered":"Coupe Menstruelle"},"content":{"rendered":"<div class=\"wp-block-columns is-layout-flex wp-container-core-columns-is-layout-9d6595d7 wp-block-columns-is-layout-flex\">\n<div class=\"wp-block-column is-layout-flow wp-block-column-is-layout-flow\" style=\"flex-basis:20%\"><\/div>\n\n\n\n<div class=\"wp-block-column is-layout-flow wp-block-column-is-layout-flow\" style=\"flex-basis:30%\">\n<div class=\"alignnormal\"><div id=\"metaslider-id-341\" style=\"max-width: 750px;\" class=\"ml-slider-3-107-0 metaslider metaslider-flex metaslider-341 ml-slider has-dots-nav ms-theme-default\" role=\"region\" aria-label=\"Cups\" data-height=\"1000\" data-width=\"750\">\n    <div id=\"metaslider_container_341\">\n        <div id=\"metaslider_341\">\n            <ul class='slides'>\n                <li style=\"display: block; width: 100%;\" class=\"slide-343 ms-image\" aria-roledescription=\"slide\" data-date=\"2020-12-17 22:39:50\" data-filename=\"blue-cup.png\" data-slide-type=\"image\"><img fetchpriority=\"high\" decoding=\"async\" src=\"https:\/\/theuge.org\/wp-content\/uploads\/2020\/12\/blue-cup.png\" height=\"1000\" width=\"750\" alt=\"\" class=\"slider-341 slide-343 msDefaultImage\" title=\"blue-cup\" \/><\/li>\n                <li style=\"display: none; width: 100%;\" class=\"slide-344 ms-image\" aria-roledescription=\"slide\" data-date=\"2020-12-17 22:39:50\" data-filename=\"pink-cup.png\" data-slide-type=\"image\"><img decoding=\"async\" src=\"https:\/\/theuge.org\/wp-content\/uploads\/2020\/12\/pink-cup.png\" height=\"1000\" width=\"750\" alt=\"\" class=\"slider-341 slide-344 msDefaultImage\" title=\"pink cup\" \/><\/li>\n            <\/ul>\n        <\/div>\n        \n    <\/div>\n<\/div><\/div>\n<\/div>\n\n\n\n<div class=\"wp-block-column is-layout-flow wp-block-column-is-layout-flow\" style=\"flex-basis:30%\">\n<h3 class=\"wp-block-heading\">coupes menstruelles r\u00e9utilisables SAALT<\/h3>\n\n\n\n<h4 class=\"wp-block-heading\">Bient\u00f4t disponible!<\/h4>\n\n\n\n<p>La Coupe SAALT est une coupe en silicone souple r\u00e9utilisable port\u00e9 internellement comme un tampon, mais, plut\u00f4t que d&#8217;absorber vos r\u00e8gles, la coupe les recueille \u00e0 la place. Il reste en place en cr\u00e9ant une succion entre la coupe et votre paroi vaginale. Une fois votre tasse remplie, il vous suffit de vider, de rincer et de r\u00e9ins\u00e9rer la tasse pour un autre 12 heures de protection. Cliqu\u00e9.e vos talons et all\u00e9luia!<\/p>\n<\/div>\n\n\n\n<div class=\"wp-block-column is-layout-flow wp-block-column-is-layout-flow\" style=\"flex-basis:20%\"><\/div>\n<\/div>","protected":false},"excerpt":{"rendered":"<p>coupes menstruelles r\u00e9utilisables SAALT Bient\u00f4t disponible! La Coupe SAALT est une coupe en silicone souple r\u00e9utilisable port\u00e9 internellement comme un tampon, mais, plut\u00f4t que d&#8217;absorber vos r\u00e8gles, la coupe les recueille \u00e0 la place. Il reste en place en cr\u00e9ant une succion entre la coupe et votre paroi vaginale. Une fois votre tasse remplie, il [&hellip;]<\/p>","protected":false},"author":3,"featured_media":0,"parent":437,"menu_order":0,"comment_status":"closed","ping_status":"closed","template":"","meta":{"footnotes":""},"class_list":["post-461","page","type-page","status-publish","hentry"],"_links":{"self":[{"href":"http:\/\/theuge.org\/fr\/wp-json\/wp\/v2\/pages\/461","targetHints":{"allow":["GET"]}}],"collection":[{"href":"http:\/\/theuge.org\/fr\/wp-json\/wp\/v2\/pages"}],"about":[{"href":"http:\/\/theuge.org\/fr\/wp-json\/wp\/v2\/types\/page"}],"author":[{"embeddable":true,"href":"http:\/\/theuge.org\/fr\/wp-json\/wp\/v2\/users\/3"}],"replies":[{"embeddable":true,"href":"http:\/\/theuge.org\/fr\/wp-json\/wp\/v2\/comments?post=461"}],"version-history":[{"count":1,"href":"http:\/\/theuge.org\/fr\/wp-json\/wp\/v2\/pages\/461\/revisions"}],"predecessor-version":[{"id":462,"href":"http:\/\/theuge.org\/fr\/wp-json\/wp\/v2\/pages\/461\/revisions\/462"}],"up":[{"embeddable":true,"href":"http:\/\/theuge.org\/fr\/wp-json\/wp\/v2\/pages\/437"}],"wp:attachment":[{"href":"http:\/\/theuge.org\/fr\/wp-json\/wp\/v2\/media?parent=461"}],"curies":[{"name":"wp","href":"https:\/\/api.w.org\/{rel}","templated":true}]}}