{"id":451,"date":"2021-02-11T19:14:52","date_gmt":"2021-02-11T19:14:52","guid":{"rendered":"https:\/\/uge.ssmu.ca\/?page_id=451"},"modified":"2021-02-11T19:20:14","modified_gmt":"2021-02-11T19:20:14","slug":"serviettes","status":"publish","type":"page","link":"http:\/\/theuge.org\/fr\/services-fr\/co-op\/serviettes\/","title":{"rendered":"Serviettes Hygi\u00e9niques R\u00e9utilisables"},"content":{"rendered":"<div class=\"wp-block-columns is-layout-flex wp-container-core-columns-is-layout-9d6595d7 wp-block-columns-is-layout-flex\">\n<div class=\"wp-block-column is-layout-flow wp-block-column-is-layout-flow\" style=\"flex-basis:20%\"><\/div>\n\n\n\n<div class=\"wp-block-column is-layout-flow wp-block-column-is-layout-flow\" style=\"flex-basis:30%\">\n<div class=\"alignnormal\"><div id=\"metaslider-id-332\" style=\"max-width: 750px;\" class=\"ml-slider-3-107-0 metaslider metaslider-flex metaslider-332 ml-slider has-dots-nav ms-theme-default\" role=\"region\" aria-label=\"Pads\" data-height=\"1000\" data-width=\"750\">\n    <div id=\"metaslider_container_332\">\n        <div id=\"metaslider_332\">\n            <ul class='slides'>\n                <li style=\"display: block; width: 100%;\" class=\"slide-336 ms-image\" aria-roledescription=\"slide\" data-date=\"2020-12-17 22:35:40\" data-filename=\"ml-pad-1.png\" data-slide-type=\"image\"><img fetchpriority=\"high\" decoding=\"async\" src=\"https:\/\/theuge.org\/wp-content\/uploads\/2020\/12\/ml-pad-1.png\" height=\"1000\" width=\"750\" alt=\"\" class=\"slider-332 slide-336 msDefaultImage\" title=\"m:l pad\" \/><\/li>\n                <li style=\"display: none; width: 100%;\" class=\"slide-335 ms-image\" aria-roledescription=\"slide\" data-date=\"2020-12-17 22:35:40\" data-filename=\"bitsy-pad.png\" data-slide-type=\"image\"><img decoding=\"async\" src=\"https:\/\/theuge.org\/wp-content\/uploads\/2020\/12\/bitsy-pad.png\" height=\"1000\" width=\"750\" alt=\"\" class=\"slider-332 slide-335 msDefaultImage\" title=\"bitsy pad\" \/><\/li>\n            <\/ul>\n        <\/div>\n        \n    <\/div>\n<\/div><\/div>\n<\/div>\n\n\n\n<div class=\"wp-block-column is-layout-flow wp-block-column-is-layout-flow\" style=\"flex-basis:30%\">\n<h3 class=\"wp-block-heading\">party in my pants serviettes menstruelles r\u00e9utilisables<\/h3>\n\n\n\n<p>Les serviettes en tissu Party In My Pants se portent comme des serviettes classiques avec des ailes. Au lieu de bandes adh\u00e9sives, les ailes du serviette PiMP ont des boutons-pression qui se fixent autour de la base de vos sous-v\u00eatements. N&#8217;oubliez pas de toujours placer votre serviette menstruelle en flanelle ou coton vers le haut et le c\u00f4t\u00e9 en nylon vers le bas.<\/p>\n\n\n\n<p>Consultez les pages produits pour les serviettes r\u00e9utilisables <a href=\"https:\/\/partypantspads.com\/collections\/pads\/products\/bitsy-pad\">Bitsy<\/a>, <a href=\"https:\/\/partypantspads.com\/collections\/pads\/products\/medium-pad\">Medium<\/a> et <a href=\"https:\/\/partypantspads.com\/collections\/pads\/products\/large-pad\">Large<\/a> de PiMP! Nous avons toutes ces tailles en coton et flanelle et une vari\u00e9t\u00e9 de motifs.<\/p>\n\n\n\n<h4 class=\"wp-block-heading\">dons sugg\u00e9r\u00e9 <a href=\"http:\/\/theuge.org\/fr\/services-fr\/co-op\/pcqvp\">pcqvp<\/a>: 10$<\/h4>\n<\/div>\n\n\n\n<div class=\"wp-block-column is-layout-flow wp-block-column-is-layout-flow\" style=\"flex-basis:20%\"><\/div>\n<\/div>\n\n\n\n<p class=\"has-text-align-center\"><a class=\"btn header-btn header-btn-2\" style=\"text-decoration:none\" href=\"https:\/\/forms.gle\/ZWctNjTSVtL2siYH6\"><span class=\"btn__text\">COMMANDEZ<\/span><\/a><\/p>","protected":false},"excerpt":{"rendered":"<p>party in my pants serviettes menstruelles r\u00e9utilisables Les serviettes en tissu Party In My Pants se portent comme des serviettes classiques avec des ailes. Au lieu de bandes adh\u00e9sives, les ailes du serviette PiMP ont des boutons-pression qui se fixent autour de la base de vos sous-v\u00eatements. N&#8217;oubliez pas de toujours placer votre serviette menstruelle [&hellip;]<\/p>","protected":false},"author":3,"featured_media":0,"parent":437,"menu_order":0,"comment_status":"closed","ping_status":"closed","template":"","meta":{"footnotes":""},"class_list":["post-451","page","type-page","status-publish","hentry"],"_links":{"self":[{"href":"http:\/\/theuge.org\/fr\/wp-json\/wp\/v2\/pages\/451","targetHints":{"allow":["GET"]}}],"collection":[{"href":"http:\/\/theuge.org\/fr\/wp-json\/wp\/v2\/pages"}],"about":[{"href":"http:\/\/theuge.org\/fr\/wp-json\/wp\/v2\/types\/page"}],"author":[{"embeddable":true,"href":"http:\/\/theuge.org\/fr\/wp-json\/wp\/v2\/users\/3"}],"replies":[{"embeddable":true,"href":"http:\/\/theuge.org\/fr\/wp-json\/wp\/v2\/comments?post=451"}],"version-history":[{"count":2,"href":"http:\/\/theuge.org\/fr\/wp-json\/wp\/v2\/pages\/451\/revisions"}],"predecessor-version":[{"id":454,"href":"http:\/\/theuge.org\/fr\/wp-json\/wp\/v2\/pages\/451\/revisions\/454"}],"up":[{"embeddable":true,"href":"http:\/\/theuge.org\/fr\/wp-json\/wp\/v2\/pages\/437"}],"wp:attachment":[{"href":"http:\/\/theuge.org\/fr\/wp-json\/wp\/v2\/media?parent=451"}],"curies":[{"name":"wp","href":"https:\/\/api.w.org\/{rel}","templated":true}]}}