{"id":448,"date":"2021-02-11T19:09:01","date_gmt":"2021-02-11T19:09:01","guid":{"rendered":"https:\/\/uge.ssmu.ca\/?page_id=448"},"modified":"2021-02-11T19:09:02","modified_gmt":"2021-02-11T19:09:02","slug":"binders","status":"publish","type":"page","link":"http:\/\/theuge.org\/fr\/services-fr\/co-op\/binders\/","title":{"rendered":"Binders"},"content":{"rendered":"<div class=\"wp-block-columns is-layout-flex wp-container-core-columns-is-layout-9d6595d7 wp-block-columns-is-layout-flex\">\n<div class=\"wp-block-column is-layout-flow wp-block-column-is-layout-flow\" style=\"flex-basis:20%\"><\/div>\n\n\n\n<div class=\"wp-block-column is-layout-flow wp-block-column-is-layout-flow\" style=\"flex-basis:30%\">\n<div class=\"alignnormal\"><div id=\"metaslider-id-323\" style=\"max-width: 750px;\" class=\"ml-slider-3-107-0 metaslider metaslider-flex metaslider-323 ml-slider has-dots-nav ms-theme-default\" role=\"region\" aria-label=\"Binders\" data-height=\"1000\" data-width=\"750\">\n    <div id=\"metaslider_container_323\">\n        <div id=\"metaslider_323\">\n            <ul class='slides'>\n                <li style=\"display: block; width: 100%;\" class=\"slide-327 ms-image\" aria-roledescription=\"slide\" data-date=\"2020-12-17 22:21:47\" data-filename=\"white-binder-2.png\" data-slide-type=\"image\"><img fetchpriority=\"high\" decoding=\"async\" src=\"https:\/\/theuge.org\/wp-content\/uploads\/2020\/12\/white-binder-2.png\" height=\"1000\" width=\"750\" alt=\"\" class=\"slider-323 slide-327 msDefaultImage\" title=\"white-binder-2\" \/><\/li>\n                <li style=\"display: none; width: 100%;\" class=\"slide-326 ms-image\" aria-roledescription=\"slide\" data-date=\"2020-12-17 22:21:47\" data-filename=\"black-binder-1.png\" data-slide-type=\"image\"><img decoding=\"async\" src=\"https:\/\/theuge.org\/wp-content\/uploads\/2020\/12\/black-binder-1.png\" height=\"1000\" width=\"750\" alt=\"\" class=\"slider-323 slide-326 msDefaultImage\" title=\"black-binder-1\" \/><\/li>\n            <\/ul>\n        <\/div>\n        \n    <\/div>\n<\/div><\/div>\n<\/div>\n\n\n\n<div class=\"wp-block-column is-layout-flow wp-block-column-is-layout-flow\" style=\"flex-basis:30%\">\n<h3 class=\"wp-block-heading\">GC2B Tank Binders<\/h3>\n\n\n\n<p>La conception de GC2B utilise un binder \u00e0 double panneau compos\u00e9 d&#8217;un m\u00e9lange nylon\/spandex et de coton pour un effet d&#8217;aplatissement suppl\u00e9mentaire. Le panneau d&#8217;aplatissement ne descend pas sous la poitrine, il n\u2019aplatit donc pas votre estomac. Ces mat\u00e9riaux sont respirants et il peut \u00eatre confortablement rentr\u00e9.<\/p>\n\n\n\n<p>Consultez les pages produits de GC2B pour leur <a href=\"https:\/\/www.gc2b.co\/products\/white-tank-binder\">binder blanc<\/a> et leur <a href=\"https:\/\/www.gc2b.co\/products\/black-tank-binder\">binder noir<\/a>! Les deux couleurs (noir et blanc) sont disponibles dans les tailles S-2XL.<\/p>\n\n\n\n<h4 class=\"wp-block-heading\">dons sugg\u00e9r\u00e9 <a href=\"http:\/\/theuge.org\/fr\/services-fr\/co-op\/pcqvp\">pcqvp<\/a>: 15-25$<\/h4>\n<\/div>\n\n\n\n<div class=\"wp-block-column is-layout-flow wp-block-column-is-layout-flow\" style=\"flex-basis:20%\"><\/div>\n<\/div>\n\n\n\n<p class=\"has-text-align-center\"><a class=\"btn header-btn header-btn-2\" style=\"text-decoration:none\" href=\"https:\/\/forms.gle\/ZWctNjTSVtL2siYH6\"><span class=\"btn__text\">COMMANDEZ<\/span><\/a><\/p>","protected":false},"excerpt":{"rendered":"<p>GC2B Tank Binders La conception de GC2B utilise un binder \u00e0 double panneau compos\u00e9 d&#8217;un m\u00e9lange nylon\/spandex et de coton pour un effet d&#8217;aplatissement suppl\u00e9mentaire. Le panneau d&#8217;aplatissement ne descend pas sous la poitrine, il n\u2019aplatit donc pas votre estomac. Ces mat\u00e9riaux sont respirants et il peut \u00eatre confortablement rentr\u00e9. Consultez les pages produits de [&hellip;]<\/p>","protected":false},"author":3,"featured_media":0,"parent":437,"menu_order":0,"comment_status":"closed","ping_status":"closed","template":"","meta":{"footnotes":""},"class_list":["post-448","page","type-page","status-publish","hentry"],"_links":{"self":[{"href":"http:\/\/theuge.org\/fr\/wp-json\/wp\/v2\/pages\/448","targetHints":{"allow":["GET"]}}],"collection":[{"href":"http:\/\/theuge.org\/fr\/wp-json\/wp\/v2\/pages"}],"about":[{"href":"http:\/\/theuge.org\/fr\/wp-json\/wp\/v2\/types\/page"}],"author":[{"embeddable":true,"href":"http:\/\/theuge.org\/fr\/wp-json\/wp\/v2\/users\/3"}],"replies":[{"embeddable":true,"href":"http:\/\/theuge.org\/fr\/wp-json\/wp\/v2\/comments?post=448"}],"version-history":[{"count":1,"href":"http:\/\/theuge.org\/fr\/wp-json\/wp\/v2\/pages\/448\/revisions"}],"predecessor-version":[{"id":449,"href":"http:\/\/theuge.org\/fr\/wp-json\/wp\/v2\/pages\/448\/revisions\/449"}],"up":[{"embeddable":true,"href":"http:\/\/theuge.org\/fr\/wp-json\/wp\/v2\/pages\/437"}],"wp:attachment":[{"href":"http:\/\/theuge.org\/fr\/wp-json\/wp\/v2\/media?parent=448"}],"curies":[{"name":"wp","href":"https:\/\/api.w.org\/{rel}","templated":true}]}}