{"id":44,"date":"2020-12-01T19:11:33","date_gmt":"2020-12-01T19:11:33","guid":{"rendered":"http:\/\/uge.ssmu.ca\/?page_id=44"},"modified":"2023-03-01T17:50:59","modified_gmt":"2023-03-01T17:50:59","slug":"home","status":"publish","type":"page","link":"http:\/\/theuge.org\/fr\/","title":{"rendered":"Le Syndicat d'\u00c9mancipation des Genres"},"content":{"rendered":"<h3 class=\"has-text-align-center wp-block-heading\">trans-positif, anti-raciste, f\u00e9ministe<\/h3>\n\n\n\n<div class=\"wp-block-columns is-layout-flex wp-container-core-columns-is-layout-9d6595d7 wp-block-columns-is-layout-flex\">\n<div class=\"wp-block-column is-layout-flow wp-block-column-is-layout-flow\" style=\"flex-basis:15%\"><\/div>\n\n\n\n<div class=\"wp-block-column is-layout-flow wp-block-column-is-layout-flow\" style=\"flex-basis:70%\">\n<p class=\"has-text-align-center translation-block\">Le Syndication d'\u00c9mancipation des Genres est un service de r\u00e9f\u00e9rence de l\u2019Association <a href=\"http:\/\/ssmu.ca\/?lang=fr\" target=\"_self\">\u00c9tudiante de l'Universit\u00e9 McGill (A\u00c9UM)<\/a>. Cependant, nous ouvrons nos portes \u00e0 tous les membres de la communaut\u00e9 et ne limitons pas nos services aux \u00e9tudiant.e.s de McGill.<\/p>\n\n\n\n<p class=\"has-text-align-center translation-block\">We aim to provide services to any person who identifies with our anti-oppressive, feminist, and trans-positive<strong> <\/strong>principles, regardless of gender identity. The Union for Gender Empowerment provides resources, educational opportunities, and a centre for advocacy.<\/p>\n<\/div>\n\n\n\n<div class=\"wp-block-column is-layout-flow wp-block-column-is-layout-flow\" style=\"flex-basis:15%\"><\/div>\n<\/div>","protected":false},"excerpt":{"rendered":"<p>trans-positive, anti-racist, feminist The Union for Gender Empowerment is a Referral Service of the Students&#8217; Society of McGill University (SSMU), though we open our doors to all and do not limit our services to undergraduate McGill students. We aim to provide services to any person who identifies with our anti-oppressive, feminist, and trans-positive principles, regardless [&hellip;]<\/p>","protected":false},"author":3,"featured_media":0,"parent":0,"menu_order":0,"comment_status":"closed","ping_status":"closed","template":"","meta":{"footnotes":""},"class_list":["post-44","page","type-page","status-publish","hentry"],"_links":{"self":[{"href":"http:\/\/theuge.org\/fr\/wp-json\/wp\/v2\/pages\/44","targetHints":{"allow":["GET"]}}],"collection":[{"href":"http:\/\/theuge.org\/fr\/wp-json\/wp\/v2\/pages"}],"about":[{"href":"http:\/\/theuge.org\/fr\/wp-json\/wp\/v2\/types\/page"}],"author":[{"embeddable":true,"href":"http:\/\/theuge.org\/fr\/wp-json\/wp\/v2\/users\/3"}],"replies":[{"embeddable":true,"href":"http:\/\/theuge.org\/fr\/wp-json\/wp\/v2\/comments?post=44"}],"version-history":[{"count":14,"href":"http:\/\/theuge.org\/fr\/wp-json\/wp\/v2\/pages\/44\/revisions"}],"predecessor-version":[{"id":624,"href":"http:\/\/theuge.org\/fr\/wp-json\/wp\/v2\/pages\/44\/revisions\/624"}],"wp:attachment":[{"href":"http:\/\/theuge.org\/fr\/wp-json\/wp\/v2\/media?parent=44"}],"curies":[{"name":"wp","href":"https:\/\/api.w.org\/{rel}","templated":true}]}}