{"id":437,"date":"2021-02-11T18:59:30","date_gmt":"2021-02-11T18:59:30","guid":{"rendered":"https:\/\/uge.ssmu.ca\/?page_id=437"},"modified":"2024-07-17T15:40:32","modified_gmt":"2024-07-17T19:40:32","slug":"co-op","status":"publish","type":"page","link":"http:\/\/theuge.org\/fr\/services-fr\/co-op\/","title":{"rendered":"Coop\u00e9rative"},"content":{"rendered":"<div class=\"wp-block-columns is-layout-flex wp-container-core-columns-is-layout-9d6595d7 wp-block-columns-is-layout-flex\">\n<div class=\"wp-block-column is-layout-flow wp-block-column-is-layout-flow\" style=\"flex-basis:25%\"><\/div>\n\n\n\n<div class=\"wp-block-column is-layout-flow wp-block-column-is-layout-flow\" style=\"flex-basis:60%\">\n<p class=\"has-text-align-center\">Notre coop\u00e9rative fonctionne sur une base de \u201c<a href=\"http:\/\/theuge.org\/fr\/services-fr\/co-op\/pcqvp\">payez ce que vous pouvez<\/a>\u201d et sans poser de questions. Nous stockons des produits qui affirment le genre de l\u2019utilisateur.rice, des produits sexuels s\u00e9curitaires, des produits menstruels jetables et r\u00e9utilisables, et plus encore! Vous pouvez consulter nos produits et leurs dons sugg\u00e9r\u00e9s sur notre site web.<\/p>\n\n\n\n<p class=\"has-text-align-center\"><a class=\"btn header-btn header-btn-2\" style=\"text-decoration:none\" href=\"https:\/\/forms.gle\/udxqsMNPcwqWh9Mr8\"><span class=\"btn__text\">COMMANDEZ<\/span><\/a><\/p>\n<\/div>\n\n\n\n<div class=\"wp-block-column is-layout-flow wp-block-column-is-layout-flow\" style=\"flex-basis:25%\"><\/div>\n<\/div>\n\n\n\n<div class=\"wp-block-columns is-layout-flex wp-container-core-columns-is-layout-9d6595d7 wp-block-columns-is-layout-flex\">\n<div class=\"wp-block-column is-layout-flow wp-block-column-is-layout-flow\" style=\"flex-basis:30%\"><\/div>\n\n\n\n<div class=\"wp-block-column is-layout-flow wp-block-column-is-layout-flow\" style=\"flex-basis:40%\">\n<figure class=\"wp-block-image size-large\"><a href=\"http:\/\/theuge.org\/fr\/services-fr\/co-op\/binders\"><img fetchpriority=\"high\" decoding=\"async\" width=\"750\" height=\"1000\" src=\"https:\/\/uge.ssmu.ca\/wp-content\/uploads\/2021\/02\/white-binder.png\" alt=\"white tank binder on pink and orange background\" class=\"wp-image-438\" srcset=\"https:\/\/theuge.org\/wp-content\/uploads\/2021\/02\/white-binder.png 750w, https:\/\/theuge.org\/wp-content\/uploads\/2021\/02\/white-binder-225x300.png 225w\" sizes=\"(max-width: 750px) 100vw, 750px\" \/><\/a><figcaption class=\"wp-element-caption\"><a href=\"http:\/\/theuge.org\/fr\/services-fr\/co-op\/binders\">Tank Binders<\/a><\/figcaption><\/figure>\n\n\n\n<figure class=\"wp-block-image size-large\"><a href=\"http:\/\/theuge.org\/fr\/services-fr\/co-op\/packers\"><img decoding=\"async\" width=\"750\" height=\"1000\" src=\"https:\/\/uge.ssmu.ca\/wp-content\/uploads\/2021\/02\/caramel-packer.png\" alt=\"\" class=\"wp-image-442\" srcset=\"https:\/\/theuge.org\/wp-content\/uploads\/2021\/02\/caramel-packer.png 750w, https:\/\/theuge.org\/wp-content\/uploads\/2021\/02\/caramel-packer-225x300.png 225w\" sizes=\"(max-width: 750px) 100vw, 750px\" \/><\/a><figcaption class=\"wp-element-caption\"><a href=\"http:\/\/theuge.org\/fr\/services-fr\/co-op\/packers\">Packers<\/a><\/figcaption><\/figure>\n<\/div>\n\n\n\n<div class=\"wp-block-column is-layout-flow wp-block-column-is-layout-flow\" style=\"flex-basis:40%\">\n<figure class=\"wp-block-image size-large\"><a href=\"http:\/\/theuge.org\/fr\/services-fr\/co-op\/serviettes\"><img decoding=\"async\" width=\"750\" height=\"1000\" src=\"https:\/\/uge.ssmu.ca\/wp-content\/uploads\/2021\/02\/ml-pad.png\" alt=\"\" class=\"wp-image-441\" srcset=\"https:\/\/theuge.org\/wp-content\/uploads\/2021\/02\/ml-pad.png 750w, https:\/\/theuge.org\/wp-content\/uploads\/2021\/02\/ml-pad-225x300.png 225w\" sizes=\"(max-width: 750px) 100vw, 750px\" \/><\/a><figcaption class=\"wp-element-caption\"><a href=\"http:\/\/theuge.org\/fr\/services-fr\/co-op\/serviettes\">Serviettes R\u00e9utilisables<\/a><\/figcaption><\/figure>\n\n\n\n<figure class=\"wp-block-image size-large\"><a href=\"http:\/\/theuge.org\/fr\/services-fr\/co-op\/coupe-menstruelle\"><img loading=\"lazy\" decoding=\"async\" width=\"750\" height=\"1000\" src=\"https:\/\/uge.ssmu.ca\/wp-content\/uploads\/2021\/02\/blue-cup.png\" alt=\"\" class=\"wp-image-443\" srcset=\"https:\/\/theuge.org\/wp-content\/uploads\/2021\/02\/blue-cup.png 750w, https:\/\/theuge.org\/wp-content\/uploads\/2021\/02\/blue-cup-225x300.png 225w\" sizes=\"(max-width: 750px) 100vw, 750px\" \/><\/a><figcaption class=\"wp-element-caption\"><a href=\"http:\/\/theuge.org\/fr\/services-fr\/co-op\/coupe-menstruelle\">Coupe Menstruelle &#8211; Bient\u00f4t Disponible!<\/a><\/figcaption><\/figure>\n<\/div>\n\n\n\n<div class=\"wp-block-column is-layout-flow wp-block-column-is-layout-flow\" style=\"flex-basis:30%\"><\/div>\n<\/div>\n\n\n\n<p><\/p>","protected":false},"excerpt":{"rendered":"<p>Notre coop\u00e9rative fonctionne sur une base de \u201cpayez ce que vous pouvez\u201d et sans poser de questions. Nous stockons des produits qui affirment le genre de l\u2019utilisateur.rice, des produits sexuels s\u00e9curitaires, des produits menstruels jetables et r\u00e9utilisables, et plus encore! Vous pouvez consulter nos produits et leurs dons sugg\u00e9r\u00e9s sur notre site web. COMMANDEZ<\/p>","protected":false},"author":3,"featured_media":0,"parent":428,"menu_order":0,"comment_status":"closed","ping_status":"closed","template":"","meta":{"footnotes":""},"class_list":["post-437","page","type-page","status-publish","hentry"],"_links":{"self":[{"href":"http:\/\/theuge.org\/fr\/wp-json\/wp\/v2\/pages\/437","targetHints":{"allow":["GET"]}}],"collection":[{"href":"http:\/\/theuge.org\/fr\/wp-json\/wp\/v2\/pages"}],"about":[{"href":"http:\/\/theuge.org\/fr\/wp-json\/wp\/v2\/types\/page"}],"author":[{"embeddable":true,"href":"http:\/\/theuge.org\/fr\/wp-json\/wp\/v2\/users\/3"}],"replies":[{"embeddable":true,"href":"http:\/\/theuge.org\/fr\/wp-json\/wp\/v2\/comments?post=437"}],"version-history":[{"count":12,"href":"http:\/\/theuge.org\/fr\/wp-json\/wp\/v2\/pages\/437\/revisions"}],"predecessor-version":[{"id":633,"href":"http:\/\/theuge.org\/fr\/wp-json\/wp\/v2\/pages\/437\/revisions\/633"}],"up":[{"embeddable":true,"href":"http:\/\/theuge.org\/fr\/wp-json\/wp\/v2\/pages\/428"}],"wp:attachment":[{"href":"http:\/\/theuge.org\/fr\/wp-json\/wp\/v2\/media?parent=437"}],"curies":[{"name":"wp","href":"https:\/\/api.w.org\/{rel}","templated":true}]}}