{"id":428,"date":"2021-02-11T18:38:29","date_gmt":"2021-02-11T18:38:29","guid":{"rendered":"https:\/\/uge.ssmu.ca\/?page_id=428"},"modified":"2022-10-13T17:58:25","modified_gmt":"2022-10-13T17:58:25","slug":"services-fr","status":"publish","type":"page","link":"http:\/\/theuge.org\/fr\/services-fr\/","title":{"rendered":"Services"},"content":{"rendered":"<div class=\"wp-block-columns is-layout-flex wp-container-core-columns-is-layout-9d6595d7 wp-block-columns-is-layout-flex\">\n<div class=\"wp-block-column is-layout-flow wp-block-column-is-layout-flow\" style=\"flex-basis:25%\"><\/div>\n\n\n\n<div class=\"wp-block-column is-layout-flow wp-block-column-is-layout-flow\" style=\"flex-basis:60%\">\n<p class=\"has-text-align-center\">Nous fournissons un nombre de services non seulement aux \u00e9tudiant.e.s de premier cycle de McGill, mais \u00e0 toute personne qui en a besoin. Nos services sont financi\u00e8rement accessibles \u00e0 tou.te.s et nous soutenons le projet Cit\u00e9 sans fronti\u00e8res et convenons de ne jamais demander d&#8217;informations sur le statut d&#8217;immigration. Pour toute demande de renseignements sur nos services, veuillez <a href=\"mailto:ugecollective@gmail.com\">nous envoyer un courriel<\/a> ou un message sur <a href=\"http:\/\/www.facebook.com\/UGEMcGill\">Facebook<\/a> et nous ne manquerons pas de vous aider au mieux de nos capacit\u00e9s.<\/p>\n<\/div>\n\n\n\n<div class=\"wp-block-column is-layout-flow wp-block-column-is-layout-flow\" style=\"flex-basis:25%\"><\/div>\n<\/div>\n\n\n\n<div class=\"wp-block-columns is-layout-flex wp-container-core-columns-is-layout-9d6595d7 wp-block-columns-is-layout-flex\">\n<div class=\"wp-block-column is-layout-flow wp-block-column-is-layout-flow\" style=\"flex-basis:30%\">\n<p class=\"has-text-align-right\"><a class=\"btn header-btn header-btn-2\" style=\"text-decoration:none\" href=\"https:\/\/theuge.org\/fr\/services-fr\/co-op\/\"><span class=\"btn__text\">CO-OP<\/span><\/a><\/p>\n<\/div>\n\n\n\n<div class=\"wp-block-column is-layout-flow wp-block-column-is-layout-flow\" style=\"flex-basis:50%\">\n<p>Notre coop\u00e9rative stocke des produits sexuels +s\u00e9curitaires, des produits menstruels r\u00e9utilisables et \u00e9cologiquement responsables, et des produits qui affirment le genre de l\u2019utilisateur.rice. Afin de respecter les mesures essentielles de distanciation sociale, nous op\u00e9rons notre coop\u00e9rative 100% \u00e0 distance avec livraison et ramassage disponible dans la grande r\u00e9gion de Montr\u00e9al.<\/p>\n<\/div>\n\n\n\n<div class=\"wp-block-column is-layout-flow wp-block-column-is-layout-flow\" style=\"flex-basis:20%\"><\/div>\n<\/div>\n\n\n\n<div class=\"wp-block-columns is-layout-flex wp-container-core-columns-is-layout-9d6595d7 wp-block-columns-is-layout-flex\">\n<div class=\"wp-block-column is-layout-flow wp-block-column-is-layout-flow\" style=\"flex-basis:30%\">\n<p class=\"has-text-align-right\"><a class=\"btn header-btn header-btn-2\" style=\"text-decoration:none\" href=\"https:\/\/theuge.org\/fr\/services-fr\/espace-securitaire\/\"><span class=\"btn__text\">ESPACE +S\u00c9CURITAIRE<\/span><\/a><\/p>\n<\/div>\n\n\n\n<div class=\"wp-block-column is-layout-flow wp-block-column-is-layout-flow\" style=\"flex-basis:50%\">\n<p>Notre espace de bureau et de salon se retrouve dans la nouvellement r\u00e9nov\u00e9e Centre Universitaire. C&#8217;est un espace +s\u00e9curitaire pour les personnes de tous genres, accessible par fauteuil roulant et il est \u00e9quip\u00e9 avec un micro-onde, vaisselles, bouilloire et plein de th\u00e9! \u00c0 l&#8217;heure actuelle, nous tenons toutes nos heures de bureau en ligne jusqu&#8217;\u00e0 ce qu&#8217;il soit s\u00e9curitaire de rouvrir nos portes au public.<\/p>\n<\/div>\n\n\n\n<div class=\"wp-block-column is-layout-flow wp-block-column-is-layout-flow\" style=\"flex-basis:20%\"><\/div>\n<\/div>\n\n\n\n<div class=\"wp-block-columns is-layout-flex wp-container-core-columns-is-layout-9d6595d7 wp-block-columns-is-layout-flex\">\n<div class=\"wp-block-column is-layout-flow wp-block-column-is-layout-flow\" style=\"flex-basis:30%\">\n<p class=\"has-text-align-right\"><a class=\"btn header-btn header-btn-2\" style=\"text-decoration:none\" href=\"https:\/\/theuge.org\/fr\/services-fr\/bibliotheque\/\"><span class=\"btn__text\">BIBLIOTH\u00c8QUE<\/span><\/a><\/p>\n<\/div>\n\n\n\n<div class=\"wp-block-column is-layout-flow wp-block-column-is-layout-flow\" style=\"flex-basis:50%\">\n<p>Nous op\u00e9rons un biblioth\u00e8ques alternatif avec des livres, romans graphiques, textes acad\u00e9miques, zines et des archives de journaux en conjonction avec<a href=\"https:\/\/www.queermcgill.org\/\"> Queer McGill<\/a>. Ensemble, nous avons la plus grande biblioth\u00e8que anglophone queer au Qu\u00e9bec. En ce moment, notre biblioth\u00e8que n\u2019est pas accessible \u00e0 cause de la fermeture de l\u2019immeuble A\u00c9UM, mais nous allons le rouvrir bient\u00f4t!<\/p>\n<\/div>\n\n\n\n<div class=\"wp-block-column is-layout-flow wp-block-column-is-layout-flow\" style=\"flex-basis:20%\"><\/div>\n<\/div>\n\n\n\n<div class=\"wp-block-columns is-layout-flex wp-container-core-columns-is-layout-9d6595d7 wp-block-columns-is-layout-flex\">\n<div class=\"wp-block-column is-layout-flow wp-block-column-is-layout-flow\" style=\"flex-basis:30%\">\n<p class=\"has-text-align-right\"><a class=\"btn header-btn header-btn-2\" style=\"text-decoration:none\" href=\"https:\/\/theuge.org\/fr\/services-fr\/ateliers\/\"><span class=\"btn__text\">ATELIERS<\/span><\/a><\/p>\n<\/div>\n\n\n\n<div class=\"wp-block-column is-layout-flow wp-block-column-is-layout-flow\" style=\"flex-basis:50%\">\n<p>Nous organisons des ateliers trans 101 et anti-oppression pour d&#8217;autres organisations et projets, et nous avons un cahier de ressources contenant des informations concernant les services d&#8217;avortement, les services de conseil et les services de sant\u00e9 queer\/trans-positif \u00e0 Montr\u00e9al. Si vous \u00eates int\u00e9ress\u00e9 par un de nos ateliers pour votre organisation, groupe ou projet, s&#8217;il vous pla\u00eet nous rejoindre par courriel.<\/p>\n<\/div>\n\n\n\n<div class=\"wp-block-column is-layout-flow wp-block-column-is-layout-flow\" style=\"flex-basis:20%\"><\/div>\n<\/div>\n\n\n\n<div class=\"wp-block-columns is-layout-flex wp-container-core-columns-is-layout-9d6595d7 wp-block-columns-is-layout-flex\">\n<div class=\"wp-block-column is-layout-flow wp-block-column-is-layout-flow\" style=\"flex-basis:30%\">\n<p class=\"has-text-align-right\"><a class=\"btn header-btn header-btn-2\" style=\"text-decoration:none\" href=\"https:\/\/theuge.org\/fr\/services-fr\/financement\/\"><span class=\"btn__text\">FINANCEMENT<\/span><\/a><\/p>\n<\/div>\n\n\n\n<div class=\"wp-block-column is-layout-flow wp-block-column-is-layout-flow\" style=\"flex-basis:50%\">\n<p>Nous sommes conscient.e.s qu&#8217;il y a souvent un manque de financement pour les groupes qui cherchent \u00e0 obtenir des fonds pour des projets \u00e0 but justice sociale. Les demandes de fonds discr\u00e9tionnaires ont un maximum de 300$, et chaque organisation ne peut pr\u00e9senter une demande qu&#8217;une seule fois par ann\u00e9e scolaire, avec priorit\u00e9 aux organisations qui n&#8217;ont pas re\u00e7u de financement auparavant.<\/p>\n<\/div>\n\n\n\n<div class=\"wp-block-column is-layout-flow wp-block-column-is-layout-flow\" style=\"flex-basis:20%\"><\/div>\n<\/div>\n\n\n\n<div class=\"wp-block-columns is-layout-flex wp-container-core-columns-is-layout-9d6595d7 wp-block-columns-is-layout-flex\">\n<div class=\"wp-block-column is-layout-flow wp-block-column-is-layout-flow\" style=\"flex-basis:30%\">\n<p class=\"has-text-align-right\"><a class=\"btn header-btn header-btn-2\" style=\"text-decoration:none\" href=\"https:\/\/theuge.org\/fr\/services-fr\/assermentation\/\"><span class=\"btn__text\">L&#8217;ASSERMENTATION<\/span><\/a><\/p>\n<\/div>\n\n\n\n<div class=\"wp-block-column is-layout-flow wp-block-column-is-layout-flow\" style=\"flex-basis:50%\">\n<p>Nous comptons parmi notre personnel un commissaire \u00e0 l&#8217;assermentation qui peut fournir des services de serment inclusifs pour les personnes trans et guider les utilisateur.trice.s de services tout au long du processus de changement de leur nom et de leur marqueur de genre dans la province de Qu\u00e9bec.<\/p>\n<\/div>\n\n\n\n<div class=\"wp-block-column is-layout-flow wp-block-column-is-layout-flow\" style=\"flex-basis:20%\"><\/div>\n<\/div>","protected":false},"excerpt":{"rendered":"<p>Nous fournissons un nombre de services non seulement aux \u00e9tudiant.e.s de premier cycle de McGill, mais \u00e0 toute personne qui en a besoin. Nos services sont financi\u00e8rement accessibles \u00e0 tou.te.s et nous soutenons le projet Cit\u00e9 sans fronti\u00e8res et convenons de ne jamais demander d&#8217;informations sur le statut d&#8217;immigration. Pour toute demande de renseignements sur [&hellip;]<\/p>","protected":false},"author":3,"featured_media":0,"parent":0,"menu_order":0,"comment_status":"closed","ping_status":"closed","template":"","meta":{"footnotes":""},"class_list":["post-428","page","type-page","status-publish","hentry"],"_links":{"self":[{"href":"http:\/\/theuge.org\/fr\/wp-json\/wp\/v2\/pages\/428","targetHints":{"allow":["GET"]}}],"collection":[{"href":"http:\/\/theuge.org\/fr\/wp-json\/wp\/v2\/pages"}],"about":[{"href":"http:\/\/theuge.org\/fr\/wp-json\/wp\/v2\/types\/page"}],"author":[{"embeddable":true,"href":"http:\/\/theuge.org\/fr\/wp-json\/wp\/v2\/users\/3"}],"replies":[{"embeddable":true,"href":"http:\/\/theuge.org\/fr\/wp-json\/wp\/v2\/comments?post=428"}],"version-history":[{"count":7,"href":"http:\/\/theuge.org\/fr\/wp-json\/wp\/v2\/pages\/428\/revisions"}],"predecessor-version":[{"id":603,"href":"http:\/\/theuge.org\/fr\/wp-json\/wp\/v2\/pages\/428\/revisions\/603"}],"wp:attachment":[{"href":"http:\/\/theuge.org\/fr\/wp-json\/wp\/v2\/media?parent=428"}],"curies":[{"name":"wp","href":"https:\/\/api.w.org\/{rel}","templated":true}]}}