{"id":410,"date":"2021-02-11T18:07:58","date_gmt":"2021-02-11T18:07:58","guid":{"rendered":"https:\/\/uge.ssmu.ca\/?page_id=410"},"modified":"2021-02-11T18:07:59","modified_gmt":"2021-02-11T18:07:59","slug":"mandat","status":"publish","type":"page","link":"http:\/\/theuge.org\/fr\/a-propos\/mandat\/","title":{"rendered":"Mandat"},"content":{"rendered":"<div class=\"wp-block-columns is-layout-flex wp-container-core-columns-is-layout-9d6595d7 wp-block-columns-is-layout-flex\">\n<div class=\"wp-block-column is-layout-flow wp-block-column-is-layout-flow\" style=\"flex-basis:20%\"><\/div>\n\n\n\n<div class=\"wp-block-column is-layout-flow wp-block-column-is-layout-flow\" style=\"flex-basis:60%\">\n<p class=\"has-text-align-center\">Le Syndicat d\u2019\u00c9mancipation des Genres (SEG) est une organisation f\u00e9ministe et inclusive des personnes trans qui vise \u00e0 fournir des services aux populations marginalis\u00e9es dans un espace +s\u00e9curitaire. Ceci inclus un mandat anti-oppressif et intersectionnel qui se centre sur <strong>l&#8217;anti-racisme, l&#8217;anti-colonialisme, l&#8217;anti-capitalisme, l&#8217;anti-capacitisme, la positivit\u00e9 queer et la r\u00e9duction des risques.<\/strong><\/p>\n\n\n\n<p class=\"has-text-align-center\">Notre objectif est de fournir des services \u00e0 toute personne qui identifie avec nos principes d\u2019anti-oppression, f\u00e9ministe et trans-positifs, quelle que soit leur identit\u00e9 de genre. Le Syndicat d\u2019\u00c9mancipation des Genres fournit des ressources, des formations \u00e9ducatives et agit en tant que centre de d\u00e9fense des droits.<\/p>\n\n\n\n<p class=\"has-text-align-center\">Nous visons de veiller \u00e0 ce que toutes personnes pr\u00e9sentes dans l\u2019espace soient trait\u00e9es avec du respect pour leur identit\u00e9 et leurs ant\u00e9c\u00e9dents, y compris leurs croyances politiques et religieuses, et qu&#8217;ils aient un acc\u00e8s \u00e9gal aux ressources disponibles.<\/p>\n\n\n\n<p class=\"has-text-align-center\">Le collectif s&#8217;efforce d&#8217;\u00eatre une organisation anti-oppressive qui accueille, mais sans s&#8217;y limiter, les personnes queer, bispirituelles, transgenres, intersexu\u00e9es et genderqueer. Nous veillons \u00e0 ce que nos services soient sensibles aux survivant.e.s de violence sexuelle et<strong> <\/strong>genr\u00e9e, aux personnes de couleur, aux peuples autochtones, aux personnes en difficult\u00e9 financi\u00e8re, aux personnes sans statut et aux personnes handicap\u00e9es. Nous ne soutenons le colonialisme sous aucune de ses formes, pass\u00e9es et pr\u00e9sentes, et nous agissons pour d\u00e9manteler le colonialisme qui est encore pr\u00e9sent dans notre soci\u00e9t\u00e9.<\/p>\n\n\n\n<p class=\"has-text-align-center\">Conform\u00e9ment aux objectifs \u00e9nonc\u00e9s ci-dessus, nous cherchons \u00e0 \u00e9tablir un collectif qui a une forte repr\u00e9sentation des personnes de couleur et des personnes transgenre.<\/p>\n<\/div>\n\n\n\n<div class=\"wp-block-column is-layout-flow wp-block-column-is-layout-flow\" style=\"flex-basis:20%\"><\/div>\n<\/div>","protected":false},"excerpt":{"rendered":"<p>Le Syndicat d\u2019\u00c9mancipation des Genres (SEG) est une organisation f\u00e9ministe et inclusive des personnes trans qui vise \u00e0 fournir des services aux populations marginalis\u00e9es dans un espace +s\u00e9curitaire. Ceci inclus un mandat anti-oppressif et intersectionnel qui se centre sur l&#8217;anti-racisme, l&#8217;anti-colonialisme, l&#8217;anti-capitalisme, l&#8217;anti-capacitisme, la positivit\u00e9 queer et la r\u00e9duction des risques. Notre objectif est de [&hellip;]<\/p>","protected":false},"author":3,"featured_media":0,"parent":405,"menu_order":0,"comment_status":"closed","ping_status":"closed","template":"","meta":{"footnotes":""},"class_list":["post-410","page","type-page","status-publish","hentry"],"_links":{"self":[{"href":"http:\/\/theuge.org\/fr\/wp-json\/wp\/v2\/pages\/410","targetHints":{"allow":["GET"]}}],"collection":[{"href":"http:\/\/theuge.org\/fr\/wp-json\/wp\/v2\/pages"}],"about":[{"href":"http:\/\/theuge.org\/fr\/wp-json\/wp\/v2\/types\/page"}],"author":[{"embeddable":true,"href":"http:\/\/theuge.org\/fr\/wp-json\/wp\/v2\/users\/3"}],"replies":[{"embeddable":true,"href":"http:\/\/theuge.org\/fr\/wp-json\/wp\/v2\/comments?post=410"}],"version-history":[{"count":3,"href":"http:\/\/theuge.org\/fr\/wp-json\/wp\/v2\/pages\/410\/revisions"}],"predecessor-version":[{"id":413,"href":"http:\/\/theuge.org\/fr\/wp-json\/wp\/v2\/pages\/410\/revisions\/413"}],"up":[{"embeddable":true,"href":"http:\/\/theuge.org\/fr\/wp-json\/wp\/v2\/pages\/405"}],"wp:attachment":[{"href":"http:\/\/theuge.org\/fr\/wp-json\/wp\/v2\/media?parent=410"}],"curies":[{"name":"wp","href":"https:\/\/api.w.org\/{rel}","templated":true}]}}